{"id":2073,"date":"2022-01-27T12:57:45","date_gmt":"2022-01-27T11:57:45","guid":{"rendered":"https:\/\/pregnabit.com\/?page_id=2073"},"modified":"2023-08-21T12:37:01","modified_gmt":"2023-08-21T10:37:01","slug":"download","status":"publish","type":"page","link":"https:\/\/pregnabit.com\/en\/download\/","title":{"rendered":"Download"},"content":{"rendered":"\n<p><\/p>\n\n\n\n<p><strong>Pregnabit Cloud:<\/strong><br><a href=\"\/pregnabit-cloud-instrukcje-uzytkowania-dla-pacjentki-2\/\">Pregnabit Cloud &#8211; instrukcje u\u017cytkowania dla pacjentki <\/a><br><a href=\"\/pregnabit-cloud-instrukcje-uzytkowania-dla-uzytkownika-profesjonalnego-2\/\">Pregnabit Cloud &#8211; instrukcje u\u017cytkowania dla u\u017cytkownika profesjonalnego<\/a><\/p>\n<p><a href=\"\/en\/pregnabit-cloud-instructons-patient\/\">Pregnabit Cloud &#8211; instructions for patient<\/a><br><a href=\"\/en\/pregnabit-cloud-instructions-profesionalist\/\">Pregnabit Cloud &#8211; instructions for profesional user<\/a><\/p>\n<p><a href=\"\/pregnabit-cloud-ifu-patient-2-nl\/\">Pregnabit Cloud &#8211; handleiding voor de pati\u00ebnte<\/a><br>\n<a href=\"\/pregnabit-cloud-ifu-pro-2-nl\/\"> Pregnabit Cloud &#8211; handleiding voor de professionele gebruiker<\/a><\/p>\n<p><a href=\"\/pregnabit-cloud-ifu-patient-2-fi\/\"> Pregnabit Cloud \u2013 alustan Potilaan ohjeet <\/a><br>\n<a href=\"\/pregnabit-cloud-ifu-pro-2-fi\/\"> Pregnabit Cloud \u2013 K\u00e4ytt\u00f6ohjeet ammattik\u00e4ytt\u00e4j\u00e4lle<\/a><\/p>\n\n<p><a href=\"\/pregnabit-cloud-ifu-patient-2-sv\/\"> Pregnabit Cloud &#8211; Bruksanvisningar f\u00f6r patienten <\/a><br>\n<a href=\"\/pregnabit-cloud-ifu-pro-2-sv\/\"> Pregnabit Cloud \u2013 Bruksanvisningar f\u00f6r professionell<\/a><\/p>\n\n<p><a href=\"\/pregnabit-cloud-ifu-patient-2-it\/\">Pregnabit Cloud &#8211; Istruzioni per l\u2019uso per il paziente<\/a><br>\n<a href=\"\/pregnabit-cloud-ifu-pro-2-it\/\">Pregnabit Cloud \u2013 Istruzioni per l&#8217;uso per l&#8217;utente professionale<\/a><\/p>\n\n<p><a href=\"\/pregnabit-cloud-ifu-patient-2-de\/\">Pregnabit Cloud &#8211; Gebrauchsanweisung f\u00fcr die Patientin<\/a><br>\n<a href=\"\/pregnabit-cloud-ifu-pro-2-de\/\">Pregnabit Cloud \u2013 Gebrauchsanweisung f\u00fcr professionelle Anwender<\/a><\/p>\n\n<p><a href=\"\/pregnabit-cloud-ifu-patient-2-fr\/\">Pregnabit Cloud &#8211; mode d&#8217;emploi pour les Patientes<\/a><br>\n<a href=\"\/pregnabit-cloud-ifu-pro-2-fr\/\">Pregnabit Cloud \u2013 version actuelle mode d&#8217;emploi pour l&#8217;utilisateur professionnel<\/a><\/p>\n\n<p><a href=\"\/pregnabit-cloud-ifu-patient-2-cs\/\">Pregnabit Cloud &#8211; n\u00e1vod k pou\u017eit\u00ed pro pacienta<\/a><br>\n<a href=\"\/pregnabit-cloud-ifu-pro-2-cs\/\">Pregnabit Cloud \u2013 n\u00e1vod k pou\u017eit\u00ed pro profesion\u00e1ln\u00ed u\u017eivatele<\/a><\/p><br>\n\n\n<p><strong>Pregnaone platform:<\/strong><br>\n\n<a href=\"https:\/\/pregna.one\/pregnaone-ifu-patient-2-pl\/\"> Pregnaone Platform &#8211; Instrukcja u\u017cycia dla Pacjentki<\/a><br><a href=\"https:\/\/pregna.one\/pregnaone-ifu-pro-2-pl\/\"> Pregnaone Platform &#8211; Instrukcja u\u017cycia dla Profesjonalnego U\u017cytkownika<\/a><\/p>\n<p><a href=\"https:\/\/pregna.one\/pregnaone-ifu-patient-2-en\/\">Pregnaone Platform &#8211; Instructions for use for Patient<\/a><br><a href=\"https:\/\/pregna.one\/pregnaone-ifu-pro-2-en\/\">Pregnaone Platform &#8211; Instructions for use for Professional User<\/a><\/p>\n<p><a href=\"https:\/\/pregna.one\/pregnaone-ifu-patient-2-nl\/\">Pregnaone Platform &#8211; Gebruiksaanwijzing voor de Pati\u00ebnte<\/a><br><a href=\"https:\/\/pregna.one\/pregnaone-ifu-pro-2-nl\/\">Pregnaone Platform &#8211; Gebruiksaanwijzing voor de Professionele Gebruiker<\/a><\/p>\n\n<p><a href=\"https:\/\/pregna.one\/pregnaone-ifu-patient-2-fi\/\">Pregnaone Platform \u2013 alustan Potilaan ohjeet <\/a><br>\n<a href=\"https:\/\/pregna.one\/pregnaone-ifu-pro-2-fi\/\">Pregnaone Platform \u2013 K\u00e4ytt\u00f6ohjeet ammattik\u00e4ytt\u00e4j\u00e4lle<\/a><\/p>\n<p><a href=\"https:\/\/pregna.one\/pregnaone-ifu-patient-2-sv\/\">Pregnaone Platform &#8211; Bruksanvisningar f\u00f6r patienten <\/a><br>\n<a href=\"https:\/\/pregna.one\/pregnaone-ifu-pro-2-sv\/\">Pregnaone Platform \u2013 Bruksanvisningar f\u00f6r professionell<\/a><\/p>\n<p><a href=\"https:\/\/pregna.one\/pregnaone-ifu-patient-2-it\/\">Pregnaone Platform &#8211; Istruzioni per l\u2019uso per il paziente<\/a><br>\n<a href=\"https:\/\/pregna.one\/pregnaone-ifu-pro-2-it\/\">Pregnaone Platform \u2013 Istruzioni per l&#8217;uso per l&#8217;utente professionale<\/a><\/p>\n\n<p><a href=\"https:\/\/pregna.one\/pregnaone-ifu-patient-2-de\/\">Pregnaone Platform &#8211; Gebrauchsanweisung f\u00fcr die Patientin<\/a><br>\n<a href=\"https:\/\/pregna.one\/pregnaone-ifu-pro-2-de\/\">Pregnaone Platform \u2013 Gebrauchsanweisung f\u00fcr professionelle Anwender<\/a><\/p>\n\n<p><a href=\"https:\/\/pregna.one\/pregnaone-ifu-patient-2-fr\/\">Pregnaone Platform &#8211; mode d&#8217;emploi pour les Patientes<\/a><br>\n<a href=\"https:\/\/pregna.one\/pregnaone-ifu-pro-2-fr\/\">Pregnaone Platform \u2013 mode d&#8217;emploi pour l&#8217;utilisateur professionnel<\/a><\/p>\n\n<p><a href=\"https:\/\/pregna.one\/pregnaone-ifu-patient-2-cs\/\">Pregnaone Platform &#8211; n\u00e1vod k pou\u017eit\u00ed pro pacienta<\/a><br>\n<a href=\"https:\/\/pregna.one\/pregnaone-ifu-pro-2-cs\/\">Pregnaone Platform \u2013 n\u00e1vod k pou\u017eit\u00ed pro profesion\u00e1ln\u00ed u\u017eivatele<\/a><\/p><br>\n\n\n<br><br>\n<p><strong>Pregnabit Pro:<\/strong><br>\n<a href=\"\/pregnabit-pro-instrukcje-uzytkownika\/\"> Pregnabit Pro instrukcje u\u017cytkownika <\/a><\/p>\n<p><a href=\"\/en\/pregnabit-pro-instructions-for-use\/\">  Pregnabit Pro instructions for use <\/a><\/p>\n<p><a href=\"\/en\/pregnabit-pro-gebruiksaanwijzing\/\">   Pregnabit Pro \u2013 Gebruiksaanwijzing <\/a><\/p>\n\n\n\n<p><\/p>\n\n\n","protected":false},"excerpt":{"rendered":"<p>Pregnabit Cloud:Pregnabit Cloud &#8211; instrukcje u\u017cytkowania dla pacjentki Pregnabit Cloud &#8211; instrukcje u\u017cytkowania dla u\u017cytkownika profesjonalnego Pregnabit Cloud &#8211; instructions for patientPregnabit Cloud &#8211; instructions for profesional user Pregnabit Cloud &#8211; handleiding voor de pati\u00ebnte Pregnabit Cloud &#8211; handleiding voor de professionele gebruiker Pregnabit Cloud \u2013 alustan Potilaan ohjeet Pregnabit Cloud \u2013 K\u00e4ytt\u00f6ohjeet ammattik\u00e4ytt\u00e4j\u00e4lle Pregnabit&hellip;<a class=\"read-more-link\" href=\"https:\/\/pregnabit.com\/en\/download\/\">Read More<\/a><\/p>\n","protected":false},"author":14,"featured_media":0,"parent":0,"menu_order":0,"comment_status":"closed","ping_status":"closed","template":"","meta":{"footnotes":""},"taxonomies":{"translation_priority":{"label":"Translation Priorities","terms":["Optional"]}},"featured_media_url":false,"fields":false,"pretty_date":"27 January 2022","aioseo_notices":[],"jetpack_sharing_enabled":true,"_links":{"self":[{"href":"https:\/\/pregnabit.com\/en\/wp-json\/wp\/v2\/pages\/2073"}],"collection":[{"href":"https:\/\/pregnabit.com\/en\/wp-json\/wp\/v2\/pages"}],"about":[{"href":"https:\/\/pregnabit.com\/en\/wp-json\/wp\/v2\/types\/page"}],"author":[{"embeddable":true,"href":"https:\/\/pregnabit.com\/en\/wp-json\/wp\/v2\/users\/14"}],"replies":[{"embeddable":true,"href":"https:\/\/pregnabit.com\/en\/wp-json\/wp\/v2\/comments?post=2073"}],"version-history":[{"count":3,"href":"https:\/\/pregnabit.com\/en\/wp-json\/wp\/v2\/pages\/2073\/revisions"}],"predecessor-version":[{"id":3866,"href":"https:\/\/pregnabit.com\/en\/wp-json\/wp\/v2\/pages\/2073\/revisions\/3866"}],"wp:attachment":[{"href":"https:\/\/pregnabit.com\/en\/wp-json\/wp\/v2\/media?parent=2073"}],"curies":[{"name":"wp","href":"https:\/\/api.w.org\/{rel}","templated":true}]}}