{"id":1899,"date":"2022-01-19T18:16:05","date_gmt":"2022-01-19T17:16:05","guid":{"rendered":"https:\/\/pregnabit.com\/?page_id=1899"},"modified":"2022-01-20T07:36:37","modified_gmt":"2022-01-20T06:36:37","slug":"zaloguj","status":"publish","type":"page","link":"https:\/\/pregnabit.com\/en\/zaloguj\/","title":{"rendered":""},"content":{"rendered":"\n<section>\n\t\t\t\t\t<div class=\"row\">\n\t\t\t\t\t<div class=\"small-16 columns text-center\" >\t\n\t\t\t\t\t<h2 style=\"font-size: 20px;margin-top: 50px;\"> Dost\u0119p do telemedycznej platformy Pregnabit:<\/h2>\n\t\t\n\t\t\t\t\t<div class=\"wb2\">\n\t\t\t\t\t<img decoding=\"async\" style=\"width:80%; min-width:150px; margin:auto;\" src=\"\/wp-content\/uploads\/etykietapregnabit.png\" alt=\"pregnabit\" class=\"jquery-typographer jquery-typographer-orphan\" \/>\n\t\t\t\t\t<\/div>\n\t\t\t\t\t\n\t\t\t\t\t<div class=\"wb1\">Aby zalogowa\u0107 si\u0119 na platformie, wpisz numer seryjny urz\u0105dzenia <br><br>\n\t\t\t\t\n\t\t\t\t\t<form name=\"stro\" method=\"post\"><b>podaj SN:<\/b> <input type=\"number\" name=\"sn\" style=\"width:50%; min-width:150px; display:inline-block; border-radius: 9px; border:2px solid #a46497\"> <br><input type=\"submit\" name=\"zaloguj\" value=\"zaloguj\" class=\"loginbutton\">\n\n\t\t<\/div>\n\t\t<\/div>\n\t\t<\/div>\n\t\t<\/section>\n\t\t<br><br><br>\n  \n\t\t<section>\n\t\t<div>\n\t\t<div class=\"row\">\n\t\t<div class=\"small-16 columns text-center\">\n\t\t<h2 class=\"\" style=\"font-size: 20px;margin-top: 50px;\">Bezpo\u015bredni dost\u0119p do telemedycznych platform Pregnabit:<\/h2>\n\n\n\t\t<a class=\"opt opt1\"  href=\"https:\/\/patient.pregnabit.cloud\/\"><img decoding=\"async\" style=\"width:70%; margin:auto; \" src=\"https:\/\/patient.pregnabit.cloud\/auth\/resources\/yc2cy\/login\/nestmedic-patient\/img\/logo_kolor.svg\" alt=\"pregnabit.cloud\" class=\"jquery-typographer jquery-typographer-orphan\" \/><\/a>\t\n\t\t<br><br>\n\t\t\t\t\n\t\t<a class=\"opt opt1\" href=\"https:\/\/app.pregnabit.com\"><img decoding=\"async\" style=\"width:80%; margin:auto;\" src=\"http:\/\/www.pregnabit.com\/wp-content\/uploads\/pregnabit.svg\" alt=\"pregnabit\" class=\"jquery-typographer jquery-typographer-orphan\" \/><\/a><br>\n\t\t\t\t\n\t\t<\/div>\n\t\t<\/div>\n\t\t<\/div>\n\t\n\t\t<\/section>\n\n\t\t\t<style>\n\t\t\t\n\t\t\t\n\t\t\tsection {font-family: ProximaNova,\"Helvetica Neue\",Helvetica,Arial,sans-serif !important;}\n\n\t\n\t\t\ta.opt {\n\t\t\t\tmargin-top: 0px;\n\t\t\t\tdisplay: inline-block;\n\t\t\t\tmax-width: 400px;\n\t\t\t\tborder: 1px solid;\n\t\t\t\tpadding: 40px 50px;\n\t\t\t\tborder-radius:5px;\n\t\t\t\theight:150px;\n\t\t\t}\n\n\t\t\t\t.wb1 {width:40%; display:inline-block; min-height:400px; vertical-align: top; padding-top:20px;}\n\t\t\t\t.wb2 {width:40%; display:inline-block; max-height:480px;}\n\t\t\t\t\n\t\t\t.loginbutton\n\t\t\t{\t\n\t\t\t\twidth:70%; min-width:150px; background-color: #a46497; padding: 1em; font-weight:bold; color:#fff; border:1px solid; \n\t\t\t\tborder-bottom-right-radius: 100vh;\n\t\t\t\tborder-top-left-radius: 100vh;\n\t\t\t\ttransform: skew(-6deg) scaleY(.8);\n\t\t\t\tpadding: 29px 70px;\n    \t\t\tfont-size: 1.3rem;\n    \t\t\ttext-transform: uppercase;\n\t\t\t}\n\t\t\t\t\n\t\t\t@media screen and (max-width:520px) {\n\n\t\t\t\t.wb1 {width:100%; min-height:200px;}\n\t\t\t\t.wb2 {width:100%; max-height:480px;}\n\n\t\t\t\t.opt, .plogo {\n\t\t\t\t\tmax-width: 75% !important;\n\t\t\t\theight:120px;\n\t\t\t\t}\n\t\t\t}\n\t\t\t<\/style>\n\t\t\n","protected":false},"excerpt":{"rendered":"","protected":false},"author":14,"featured_media":0,"parent":0,"menu_order":0,"comment_status":"closed","ping_status":"closed","template":"","meta":{"footnotes":""},"taxonomies":{"translation_priority":{"label":"Translation Priorities","terms":["Optional"]}},"featured_media_url":false,"fields":false,"pretty_date":"19 January 2022","aioseo_notices":[],"jetpack_sharing_enabled":true,"_links":{"self":[{"href":"https:\/\/pregnabit.com\/en\/wp-json\/wp\/v2\/pages\/1899"}],"collection":[{"href":"https:\/\/pregnabit.com\/en\/wp-json\/wp\/v2\/pages"}],"about":[{"href":"https:\/\/pregnabit.com\/en\/wp-json\/wp\/v2\/types\/page"}],"author":[{"embeddable":true,"href":"https:\/\/pregnabit.com\/en\/wp-json\/wp\/v2\/users\/14"}],"replies":[{"embeddable":true,"href":"https:\/\/pregnabit.com\/en\/wp-json\/wp\/v2\/comments?post=1899"}],"version-history":[{"count":5,"href":"https:\/\/pregnabit.com\/en\/wp-json\/wp\/v2\/pages\/1899\/revisions"}],"predecessor-version":[{"id":1909,"href":"https:\/\/pregnabit.com\/en\/wp-json\/wp\/v2\/pages\/1899\/revisions\/1909"}],"wp:attachment":[{"href":"https:\/\/pregnabit.com\/en\/wp-json\/wp\/v2\/media?parent=1899"}],"curies":[{"name":"wp","href":"https:\/\/api.w.org\/{rel}","templated":true}]}}